{"id":3716,"date":"2020-04-17T10:16:52","date_gmt":"2020-04-17T09:16:52","guid":{"rendered":"http:\/\/www.conservationpulse.com\/?page_id=3716"},"modified":"2021-03-15T08:35:20","modified_gmt":"2021-03-15T08:35:20","slug":"project","status":"publish","type":"page","link":"https:\/\/indomyanmarconservation.org\/vi\/project\/","title":{"rendered":"D\u1ef1 \u00e1n &#038; Ho\u1ea1t \u0111\u1ed9ng"},"content":{"rendered":"<div class=\"wpb-content-wrapper\"><p>[vc_row][vc_column]<div id=\"cz_89017\" class=\"cz_89017 cz_title clr cz_title_pos_inline tac\"><div class=\"cz_title_content\"><div class=\"cz_wpe_content\"><h1 style=\"text-align: center;\">D\u1ef1 \u00e1n &amp; Ho\u1ea1t \u0111\u1ed9ng<\/h1>\n<h4 style=\"text-align: center;\">T\u1ed5 ch\u1ee9c Indo-Myanmar Conservation \u0111ang th\u1ef1c hi\u1ec7n m\u1ed9t s\u1ed1 d\u1ef1 \u00e1n tr\u1ecdng t\u00e2m t\u1eadp trung v\u00e0o ho\u1ea1t \u0111\u1ed9ng nghi\u00ean c\u1ee9u, b\u1ea3o t\u1ed3n v\u00e0 truy\u1ec1n th\u00f4ng v\u1ec1 c\u00e1c lo\u00e0i \u0111\u1ed9ng v\u1eadt hoang d\u00e3 t\u1ea1i khu v\u1ef1c.<\/h4>\n<\/div><\/div><\/div>[\/vc_column][\/vc_row][vc_row][vc_column]<div class=\"cz_gap clr \" style=\"height: 31px\"><\/div>[\/vc_column][\/vc_row][vc_row][vc_column width=&#8221;1\/3&#8243;]<div id=\"cz_25924\" class=\"cz_25924 cz_banner clr cz_svg_bg wpb_animate_when_almost_visible flipInY\">\n\t\t\t<figure class=\"effect-style5\">\n\t\t\t\t<img decoding=\"async\" width=\"800\" height=\"531\" src=\"data:image\/svg+xml,%3Csvg%20xmlns%3D&#39;http%3A%2F%2Fwww.w3.org%2F2000%2Fsvg&#39;%20width=&#39;800&#39;%20height=&#39;531&#39;%20viewBox%3D&#39;0%200%20800%20531&#39;%2F%3E\" data-czlz data-src=\"https:\/\/indomyanmarconservation.org\/wp-content\/uploads\/2021\/03\/Group-pic-national-park-2019-Laos-student-training-NTThang-R-3wtmk.jpg\" class=\"attachment-full\" alt=\"\" title=\"student training in Laos in 2019\" data-srcset=\"https:\/\/indomyanmarconservation.org\/wp-content\/uploads\/2021\/03\/Group-pic-national-park-2019-Laos-student-training-NTThang-R-3wtmk.jpg 800w, https:\/\/indomyanmarconservation.org\/wp-content\/uploads\/2021\/03\/Group-pic-national-park-2019-Laos-student-training-NTThang-R-3wtmk-300x199.jpg 300w, https:\/\/indomyanmarconservation.org\/wp-content\/uploads\/2021\/03\/Group-pic-national-park-2019-Laos-student-training-NTThang-R-3wtmk-768x510.jpg 768w, https:\/\/indomyanmarconservation.org\/wp-content\/uploads\/2021\/03\/Group-pic-national-park-2019-Laos-student-training-NTThang-R-3wtmk-600x398.jpg 600w\" data-sizes=\"(max-width: 800px) 100vw, 800px\" \/>\n\t\t\t\t<figcaption><div><h4>Truy\u1ec1n th\u00f4ng c\u1ed9ng \u0111\u1ed3ng v\u00e0 x\u00e2y d\u1ef1ng \u0111\u1ed9i ng\u0169 chuy\u00ean tr\u00e1ch<\/h4><p class=\"cz_wpe_content\">Chi ti\u1ebft<\/p><\/div><a href=\"\/vi\/awareness_capacity_building\/\"> <\/a><\/figcaption>\t\t\t\n\t\t\t<\/figure>\n\t\t<\/div><div class=\"cz_gap clr \" style=\"height: 31px\"><\/div>[\/vc_column][vc_column width=&#8221;1\/3&#8243;]<div id=\"cz_54146\" class=\"cz_54146 cz_banner clr wpb_animate_when_almost_visible flipInY\">\n\t\t\t<figure class=\"effect-style5\">\n\t\t\t\t<img decoding=\"async\" width=\"800\" height=\"600\" src=\"data:image\/svg+xml,%3Csvg%20xmlns%3D&#39;http%3A%2F%2Fwww.w3.org%2F2000%2Fsvg&#39;%20width=&#39;800&#39;%20height=&#39;600&#39;%20viewBox%3D&#39;0%200%20800%20600&#39;%2F%3E\" data-czlz data-src=\"https:\/\/indomyanmarconservation.org\/wp-content\/uploads\/2021\/03\/Habitat-in-high-elevation-Ca-Forest-Song-Hinh-Dist-Phu-Yen-NTLuan.jpg\" class=\"attachment-full\" alt=\"\" title=\"OLYMPUS DIGITAL CAMERA\" data-srcset=\"https:\/\/indomyanmarconservation.org\/wp-content\/uploads\/2021\/03\/Habitat-in-high-elevation-Ca-Forest-Song-Hinh-Dist-Phu-Yen-NTLuan.jpg 800w, https:\/\/indomyanmarconservation.org\/wp-content\/uploads\/2021\/03\/Habitat-in-high-elevation-Ca-Forest-Song-Hinh-Dist-Phu-Yen-NTLuan-300x225.jpg 300w, https:\/\/indomyanmarconservation.org\/wp-content\/uploads\/2021\/03\/Habitat-in-high-elevation-Ca-Forest-Song-Hinh-Dist-Phu-Yen-NTLuan-768x576.jpg 768w, https:\/\/indomyanmarconservation.org\/wp-content\/uploads\/2021\/03\/Habitat-in-high-elevation-Ca-Forest-Song-Hinh-Dist-Phu-Yen-NTLuan-600x450.jpg 600w\" data-sizes=\"(max-width: 800px) 100vw, 800px\" \/>\n\t\t\t\t<figcaption><div><h4>Kh\u1ea3o s\u00e1t \u0111a d\u1ea1ng sinh h\u1ecdc<\/h4><p class=\"cz_wpe_content\">Chi ti\u1ebft<\/p><\/div><a href=\"\/vi\/biodiversity-survey\/\"> <\/a><\/figcaption>\t\t\t\n\t\t\t<\/figure>\n\t\t<\/div><div class=\"cz_gap clr \" style=\"height: 31px\"><\/div>[\/vc_column][vc_column width=&#8221;1\/3&#8243;]<div id=\"cz_93224\" class=\"cz_93224 cz_banner clr wpb_animate_when_almost_visible flipInY\">\n\t\t\t<figure class=\"effect-style5\">\n\t\t\t\t<img decoding=\"async\" width=\"800\" height=\"600\" src=\"data:image\/svg+xml,%3Csvg%20xmlns%3D&#39;http%3A%2F%2Fwww.w3.org%2F2000%2Fsvg&#39;%20width=&#39;800&#39;%20height=&#39;600&#39;%20viewBox%3D&#39;0%200%20800%20600&#39;%2F%3E\" data-czlz data-src=\"https:\/\/indomyanmarconservation.org\/wp-content\/uploads\/2021\/03\/habitat-in-Phu-Yen-NTThang-4.jpg\" class=\"attachment-full\" alt=\"\" title=\"habitat in Phu Yen NTThang (4)\" data-srcset=\"https:\/\/indomyanmarconservation.org\/wp-content\/uploads\/2021\/03\/habitat-in-Phu-Yen-NTThang-4.jpg 800w, https:\/\/indomyanmarconservation.org\/wp-content\/uploads\/2021\/03\/habitat-in-Phu-Yen-NTThang-4-300x225.jpg 300w, https:\/\/indomyanmarconservation.org\/wp-content\/uploads\/2021\/03\/habitat-in-Phu-Yen-NTThang-4-768x576.jpg 768w, https:\/\/indomyanmarconservation.org\/wp-content\/uploads\/2021\/03\/habitat-in-Phu-Yen-NTThang-4-600x450.jpg 600w\" data-sizes=\"(max-width: 800px) 100vw, 800px\" \/>\n\t\t\t\t<figcaption><div><h4>Th\u00e0nh l\u1eadp v\u00e0 qu\u1ea3n l\u00fd khu b\u1ea3o t\u1ed3n<\/h4><p class=\"cz_wpe_content\">Chi ti\u1ebft<\/p><\/div><a href=\"\/vi\/pa-establishment-management\/\"> <\/a><\/figcaption>\t\t\t\n\t\t\t<\/figure>\n\t\t<\/div><div class=\"cz_gap clr \" style=\"height: 31px\"><\/div>[\/vc_column][\/vc_row][vc_row][vc_column width=&#8221;1\/3&#8243;]<div id=\"cz_31631\" class=\"cz_31631 cz_banner clr wpb_animate_when_almost_visible flipInY\">\n\t\t\t<figure class=\"effect-style5\">\n\t\t\t\t<img decoding=\"async\" width=\"800\" height=\"533\" src=\"data:image\/svg+xml,%3Csvg%20xmlns%3D&#39;http%3A%2F%2Fwww.w3.org%2F2000%2Fsvg&#39;%20width=&#39;800&#39;%20height=&#39;533&#39;%20viewBox%3D&#39;0%200%20800%20533&#39;%2F%3E\" data-czlz data-src=\"https:\/\/indomyanmarconservation.org\/wp-content\/uploads\/2020\/02\/2020-02-Soc-Son-regular-support-trip-PNQ-R-4.jpg\" class=\"attachment-full\" alt=\"\" title=\"support turtle treatment at Hanoi Wildlife Rescue Centre\" data-srcset=\"https:\/\/indomyanmarconservation.org\/wp-content\/uploads\/2020\/02\/2020-02-Soc-Son-regular-support-trip-PNQ-R-4.jpg 800w, https:\/\/indomyanmarconservation.org\/wp-content\/uploads\/2020\/02\/2020-02-Soc-Son-regular-support-trip-PNQ-R-4-300x200.jpg 300w, https:\/\/indomyanmarconservation.org\/wp-content\/uploads\/2020\/02\/2020-02-Soc-Son-regular-support-trip-PNQ-R-4-768x512.jpg 768w, https:\/\/indomyanmarconservation.org\/wp-content\/uploads\/2020\/02\/2020-02-Soc-Son-regular-support-trip-PNQ-R-4-600x400.jpg 600w\" data-sizes=\"(max-width: 800px) 100vw, 800px\" \/>\n\t\t\t\t<figcaption><div><h4>H\u1ed7 tr\u1ee3 trung t\u00e2m c\u1ee9u h\u1ed9<\/h4><p class=\"cz_wpe_content\">Chi ti\u1ebft<\/p><\/div><a href=\"\/vi\/rescue-centre-support\/\"> <\/a><\/figcaption>\t\t\t\n\t\t\t<\/figure>\n\t\t<\/div><div class=\"cz_gap clr \" style=\"height: 31px\"><\/div>[\/vc_column][vc_column width=&#8221;1\/3&#8243;]<div id=\"cz_32021\" class=\"cz_32021 cz_banner clr wpb_animate_when_almost_visible flipInY\">\n\t\t\t<figure class=\"effect-style5\">\n\t\t\t\t<img decoding=\"async\" width=\"800\" height=\"533\" src=\"data:image\/svg+xml,%3Csvg%20xmlns%3D&#39;http%3A%2F%2Fwww.w3.org%2F2000%2Fsvg&#39;%20width=&#39;800&#39;%20height=&#39;533&#39;%20viewBox%3D&#39;0%200%20800%20533&#39;%2F%3E\" data-czlz data-src=\"https:\/\/indomyanmarconservation.org\/wp-content\/uploads\/2021\/03\/turtle-release-in-northern-Vietnam-HVH-5.jpg\" class=\"attachment-full\" alt=\"\" title=\"Indochinese box turtle release in northern Vietnam\" data-srcset=\"https:\/\/indomyanmarconservation.org\/wp-content\/uploads\/2021\/03\/turtle-release-in-northern-Vietnam-HVH-5.jpg 800w, https:\/\/indomyanmarconservation.org\/wp-content\/uploads\/2021\/03\/turtle-release-in-northern-Vietnam-HVH-5-300x200.jpg 300w, https:\/\/indomyanmarconservation.org\/wp-content\/uploads\/2021\/03\/turtle-release-in-northern-Vietnam-HVH-5-768x512.jpg 768w, https:\/\/indomyanmarconservation.org\/wp-content\/uploads\/2021\/03\/turtle-release-in-northern-Vietnam-HVH-5-600x400.jpg 600w\" data-sizes=\"(max-width: 800px) 100vw, 800px\" \/>\n\t\t\t\t<figcaption><div><h4>Ch\u01b0\u01a1ng tr\u00ecnh B\u1ea3o t\u1ed3n r\u00f9a ch\u00e2u \u00c1<\/h4><p class=\"cz_wpe_content\">Chi ti\u1ebft<\/p><\/div><a href=\"https:\/\/asianturtleprogram.org\/vi\/\"> <\/a><\/figcaption>\t\t\t\n\t\t\t<\/figure>\n\t\t<\/div><div class=\"cz_gap clr \" style=\"height: 31px\"><\/div>[\/vc_column][vc_column width=&#8221;1\/3&#8243;]<div id=\"cz_86598\" class=\"cz_86598 cz_banner clr wpb_animate_when_almost_visible flipInY\">\n\t\t\t<figure class=\"effect-style5\">\n\t\t\t\t<img decoding=\"async\" width=\"800\" height=\"533\" src=\"data:image\/svg+xml,%3Csvg%20xmlns%3D&#39;http%3A%2F%2Fwww.w3.org%2F2000%2Fsvg&#39;%20width=&#39;800&#39;%20height=&#39;533&#39;%20viewBox%3D&#39;0%200%20800%20533&#39;%2F%3E\" data-czlz data-src=\"https:\/\/indomyanmarconservation.org\/wp-content\/uploads\/2020\/02\/2019-02-28-Visit-Kukrail-Gharial-and-Turtle-Rehabilitation-Centre-Lucknow-India-Arunima-R-9.jpg\" class=\"attachment-full\" alt=\"\" title=\"Spotted Pond Turtle (Geoclemys hamiltonii)\" data-srcset=\"https:\/\/indomyanmarconservation.org\/wp-content\/uploads\/2020\/02\/2019-02-28-Visit-Kukrail-Gharial-and-Turtle-Rehabilitation-Centre-Lucknow-India-Arunima-R-9.jpg 800w, https:\/\/indomyanmarconservation.org\/wp-content\/uploads\/2020\/02\/2019-02-28-Visit-Kukrail-Gharial-and-Turtle-Rehabilitation-Centre-Lucknow-India-Arunima-R-9-300x200.jpg 300w, https:\/\/indomyanmarconservation.org\/wp-content\/uploads\/2020\/02\/2019-02-28-Visit-Kukrail-Gharial-and-Turtle-Rehabilitation-Centre-Lucknow-India-Arunima-R-9-768x512.jpg 768w, https:\/\/indomyanmarconservation.org\/wp-content\/uploads\/2020\/02\/2019-02-28-Visit-Kukrail-Gharial-and-Turtle-Rehabilitation-Centre-Lucknow-India-Arunima-R-9-600x400.jpg 600w\" data-sizes=\"(max-width: 800px) 100vw, 800px\" \/>\n\t\t\t\t<figcaption><div><h4>C\u00e1c ho\u1ea1t \u0111\u1ed9ng kh\u00e1c<\/h4><p class=\"cz_wpe_content\">Chi ti\u1ebft<\/p><\/div><a href=\"\/vi\/category\/other_news\/\"> <\/a><\/figcaption>\t\t\t\n\t\t\t<\/figure>\n\t\t<\/div><div class=\"cz_gap clr \" style=\"height: 31px\"><\/div>[\/vc_column][\/vc_row]<\/p>\n<\/div>","protected":false},"excerpt":{"rendered":"<p>[vc_row][vc_column][\/vc_column][\/vc_row][vc_row][vc_column][\/vc_column][\/vc_row][vc_row][vc_column width=&#8221;1\/3&#8243;][\/vc_column][vc_column width=&#8221;1\/3&#8243;][\/vc_column][vc_column width=&#8221;1\/3&#8243;][\/vc_column][\/vc_row][vc_row][vc_column width=&#8221;1\/3&#8243;][\/vc_column][vc_column width=&#8221;1\/3&#8243;][\/vc_column][vc_column width=&#8221;1\/3&#8243;][\/vc_column][\/vc_row] &#8230; <\/p>\n","protected":false},"author":2,"featured_media":0,"parent":0,"menu_order":0,"comment_status":"closed","ping_status":"closed","template":"","meta":{"footnotes":""},"class_list":["post-3716","page","type-page","status-publish","hentry"],"translation":{"provider":"WPGlobus","version":"3.0.0","language":"vi","enabled_languages":["en","vi","my"],"languages":{"en":{"title":true,"content":true,"excerpt":false},"vi":{"title":true,"content":true,"excerpt":false},"my":{"title":false,"content":false,"excerpt":false}}},"_links":{"self":[{"href":"https:\/\/indomyanmarconservation.org\/vi\/wp-json\/wp\/v2\/pages\/3716","targetHints":{"allow":["GET"]}}],"collection":[{"href":"https:\/\/indomyanmarconservation.org\/vi\/wp-json\/wp\/v2\/pages"}],"about":[{"href":"https:\/\/indomyanmarconservation.org\/vi\/wp-json\/wp\/v2\/types\/page"}],"author":[{"embeddable":true,"href":"https:\/\/indomyanmarconservation.org\/vi\/wp-json\/wp\/v2\/users\/2"}],"replies":[{"embeddable":true,"href":"https:\/\/indomyanmarconservation.org\/vi\/wp-json\/wp\/v2\/comments?post=3716"}],"version-history":[{"count":31,"href":"https:\/\/indomyanmarconservation.org\/vi\/wp-json\/wp\/v2\/pages\/3716\/revisions"}],"predecessor-version":[{"id":8809,"href":"https:\/\/indomyanmarconservation.org\/vi\/wp-json\/wp\/v2\/pages\/3716\/revisions\/8809"}],"wp:attachment":[{"href":"https:\/\/indomyanmarconservation.org\/vi\/wp-json\/wp\/v2\/media?parent=3716"}],"curies":[{"name":"wp","href":"https:\/\/api.w.org\/{rel}","templated":true}]}}