{"id":49,"date":"2018-09-03T20:36:20","date_gmt":"2018-09-03T20:36:20","guid":{"rendered":"http:\/\/asianturtleprogram.org\/wp\/?page_id=49"},"modified":"2021-03-03T10:34:20","modified_gmt":"2021-03-03T10:34:20","slug":"mission-vision-and-history","status":"publish","type":"page","link":"https:\/\/indomyanmarconservation.org\/vi\/mission-vision-and-history\/","title":{"rendered":"S\u1ee9 m\u1ec7nh, t\u1ea7m nh\u00ecn v\u00e0 l\u1ecbch s\u1eed"},"content":{"rendered":"<div class=\"wpb-content-wrapper\"><p>[vc_row][vc_column]<div id=\"cz_25635\" class=\"cz_25635 cz_gradient_title cz_mobile_text_center cz_gradient_title_center\"><div class=\"cz_wpe_content\"><h1 style=\"font-size: 35px; font-weight: bold; text-align: center;\"><strong>S\u1ee9 m\u1ec7nh, t\u1ea7m nh\u00ecn v\u00e0 l\u1ecbch s\u1eed<\/strong><\/h1>\n<\/div><\/div>[\/vc_column][\/vc_row][vc_row][vc_column]<div id=\"cz_61902\" class=\"cz_61902 cz_gradient_title\"><div class=\"cz_wpe_content\"><h1 style=\"font-size: 25px; font-weight: bold;\"><strong>S\u1ee9 m\u1ec7nh<\/strong><\/h1>\n<\/div><\/div>[vc_column_text]Ng\u0103n ng\u1eeba s\u1ef1 tuy\u1ec7t ch\u1ee7ng c\u1ee7a c\u00e1c lo\u00e0i \u0111\u1ed9ng v\u1eadt hoang d\u00e3 nguy c\u1ea5p trong khu v\u1ef1c Indo-Myanmar (\u0110\u00f4ng D\u01b0\u01a1ng &#8211; Mi\u1ebfn \u0110i\u1ec7n), tr\u1ecdng t\u00e2m l\u00e0 c\u00e1c lo\u00e0i c\u1ef1c k\u1ef3 nguy c\u1ea5p v\u00e0 c\u00f3 s\u1ed1 l\u01b0\u1ee3ng qu\u1ea7n th\u1ec3 c\u00f2n \u00edt ho\u1eb7c r\u1ea5t \u00edt.[\/vc_column_text][\/vc_column][\/vc_row][vc_row][vc_column][\/vc_column][\/vc_row][vc_row][vc_column]<div id=\"cz_19907\" class=\"cz_19907 cz_gradient_title\"><div class=\"cz_wpe_content\"><h1 style=\"font-size: 25px; font-weight: bold;\"><strong>L\u1ecbch s\u1eed ho\u1ea1t \u0111\u1ed9ng<\/strong><\/h1>\n<\/div><\/div><div id=\"cz_94892\" class=\"cz_94892\"><div class=\"cz_history_1 cz_has_year\"><span>2008<\/span><div>[vc_column_text]\u0111\u01b0\u1ee3c th\u00e0nh l\u1eadp t\u1ea1i V\u01b0\u01a1ng qu\u1ed1c Anh.[\/vc_column_text]<\/div><\/div><\/div><div class=\"cz_gap clr \" style=\"height: 30px\"><\/div><div id=\"cz_21720\" class=\"cz_21720\"><div class=\"cz_history_1 cz_has_year\"><span>2015<\/span><div>[vc_column_text]\u0111\u0103ng k\u00fd ho\u1ea1t \u0111\u1ed9ng t\u1ea1i Vi\u1ec7t Nam. Ch\u01b0\u01a1ng tr\u00ecnh B\u1ea3o t\u1ed3n r\u00f9a ch\u00e2u \u00c1 \u0111\u01b0\u1ee3c s\u00e1p nh\u1eadp v\u00e0o T\u1ed5 ch\u1ee9c Indo-Myanmar Conservation.[\/vc_column_text]<\/div><\/div><\/div><div class=\"cz_gap clr \" style=\"height: 10px\"><\/div>[\/vc_column][\/vc_row]<\/p>\n<\/div>","protected":false},"excerpt":{"rendered":"<p>[vc_row][vc_column][\/vc_column][\/vc_row][vc_row][vc_column][vc_column_text]Ng\u0103n ng\u1eeba s\u1ef1 tuy\u1ec7t ch\u1ee7ng c\u1ee7a c\u00e1c lo\u00e0i \u0111\u1ed9ng v\u1eadt hoang &#8230; <\/p>\n","protected":false},"author":1,"featured_media":0,"parent":0,"menu_order":0,"comment_status":"closed","ping_status":"closed","template":"","meta":{"footnotes":""},"class_list":["post-49","page","type-page","status-publish","hentry"],"translation":{"provider":"WPGlobus","version":"3.0.0","language":"vi","enabled_languages":["en","vi","my"],"languages":{"en":{"title":true,"content":true,"excerpt":false},"vi":{"title":true,"content":true,"excerpt":false},"my":{"title":false,"content":false,"excerpt":false}}},"_links":{"self":[{"href":"https:\/\/indomyanmarconservation.org\/vi\/wp-json\/wp\/v2\/pages\/49","targetHints":{"allow":["GET"]}}],"collection":[{"href":"https:\/\/indomyanmarconservation.org\/vi\/wp-json\/wp\/v2\/pages"}],"about":[{"href":"https:\/\/indomyanmarconservation.org\/vi\/wp-json\/wp\/v2\/types\/page"}],"author":[{"embeddable":true,"href":"https:\/\/indomyanmarconservation.org\/vi\/wp-json\/wp\/v2\/users\/1"}],"replies":[{"embeddable":true,"href":"https:\/\/indomyanmarconservation.org\/vi\/wp-json\/wp\/v2\/comments?post=49"}],"version-history":[{"count":13,"href":"https:\/\/indomyanmarconservation.org\/vi\/wp-json\/wp\/v2\/pages\/49\/revisions"}],"predecessor-version":[{"id":5613,"href":"https:\/\/indomyanmarconservation.org\/vi\/wp-json\/wp\/v2\/pages\/49\/revisions\/5613"}],"wp:attachment":[{"href":"https:\/\/indomyanmarconservation.org\/vi\/wp-json\/wp\/v2\/media?parent=49"}],"curies":[{"name":"wp","href":"https:\/\/api.w.org\/{rel}","templated":true}]}}