{"id":5594,"date":"2021-03-03T07:05:27","date_gmt":"2021-03-03T07:05:27","guid":{"rendered":"http:\/\/www.conservationpulse.com\/?page_id=5594"},"modified":"2021-03-12T09:38:23","modified_gmt":"2021-03-12T09:38:23","slug":"the-atp","status":"publish","type":"page","link":"https:\/\/indomyanmarconservation.org\/vi\/the-atp\/","title":{"rendered":"Ch\u01b0\u01a1ng tr\u00ecnh B\u1ea3o t\u1ed3n R\u00f9a ch\u00e2u \u00c1"},"content":{"rendered":"<div class=\"wpb-content-wrapper\"><p>[vc_row][vc_column]<div id=\"cz_100475\" class=\"cz_100475 cz_gradient_title cz_gradient_title_center\"><div class=\"cz_wpe_content\"><h1 style=\"text-align: center;\"><a href=\"https:\/\/asianturtleprogram.org\/vi\/\">Ch\u01b0\u01a1ng tr\u00ecnh B\u1ea3o t\u1ed3n R\u00f9a ch\u00e2u \u00c1<\/a><\/h1>\n<\/div><\/div>[\/vc_column][\/vc_row][vc_row][vc_column width=&#8221;1\/2&#8243;][vc_column_text]Ch\u01b0\u01a1ng tr\u00ecnh B\u1ea3o t\u1ed3n R\u00f9a ch\u00e2u \u00c1 (ATP) l\u00e0 ch\u01b0\u01a1ng tr\u00ecnh tr\u1ecdng \u0111i\u1ec3m c\u1ee7a T\u1ed5 ch\u1ee9c Indo-Myanmar Conservation, t\u1eadp trung v\u00e0o vi\u1ec7c b\u1ea3o t\u1ed3n c\u00e1c lo\u00e0i r\u00f9a c\u1ea1n v\u00e0 r\u00f9a n\u01b0\u1edbc ng\u1ecdt trong khu v\u1ef1c \u0110\u00f4ng Nam \u00c1. ATP \u0111\u01b0\u1ee3c th\u00e0nh l\u1eadp n\u0103m 1998 v\u00e0 s\u00e1p nh\u1eadp v\u00e0o T\u1ed5 ch\u1ee9c Indo-Myanmar Conservation n\u0103m 2015.<\/p>\n<p>\u0110\u01b0\u1ee3c th\u00e0nh l\u1eadp c\u00f9ng th\u1eddi gian v\u1edbi Trung t\u00e2m B\u1ea3o t\u1ed3n R\u00f9a (TCC) t\u1ea1i V\u01b0\u1eddn Qu\u1ed1c gia C\u00fac Ph\u01b0\u01a1ng, Vi\u1ec7t Nam, c\u00e1c ho\u1ea1t \u0111\u1ed9ng c\u1ee7a ATP trong h\u01a1n 20 n\u0103m qua v\u1eabn l\u1ea5y Vi\u1ec7t Nam, qu\u1ed1c gia c\u00f3 t\u1edbi 26 lo\u00e0i \u0111\u01b0\u1ee3c ghi nh\u1eadn v\u1edbi 6 lo\u00e0i s\u1eafp nguy c\u1ea5p (VU), 9 lo\u00e0i nguy c\u1ea5p (EN) v\u00e0 7 lo\u00e0i trong t\u00ecnh tr\u1ea1ng c\u1ef1c k\u1ef3 nguy c\u1ea5p (CR), theo s\u00e1ch \u0110\u1ecf IUCN (2020), l\u00e0m tr\u1ecdng t\u00e2m.<\/p>\n<p>[\/vc_column_text][\/vc_column][vc_column width=&#8221;1\/2&#8243;][vc_column_text]M\u1ee5c ti\u00eau ho\u1ea1t \u0111\u1ed9ng c\u1ee7a ATP l\u00e0 thi\u1ebft l\u1eadp m\u1ed9t t\u01b0\u01a1ng lai an to\u00e0n v\u00e0 b\u1ec1n v\u1eefng cho c\u00e1c lo\u00e0i r\u00f9a ch\u00e2u \u00c1, \u0111\u1ea3m b\u1ea3o r\u1eb1ng s\u1ebd kh\u00f4ng c\u00f3 lo\u00e0i r\u00f9a n\u00e0o b\u1ecb tuy\u1ec7t ch\u1ee7ng. M\u1ee5c ti\u00eau n\u00e0y \u0111ang \u0111\u01b0\u1ee3c hi\u1ec7n th\u1ef1c th\u00f4ng qua c\u00e1c ho\u1ea1t \u0111\u1ed9ng nh\u01b0 nghi\u00ean c\u1ee9u b\u1ea3o t\u1ed3n n\u1ed9i vi v\u00e0 ngo\u1ea1i vi, b\u1ea3o v\u1ec7 sinh c\u1ea3nh s\u1ed1ng, truy\u1ec1n th\u00f4ng c\u1ed9ng \u0111\u1ed3ng c\u0169ng nh\u01b0 x\u00e2y d\u1ef1ng \u0111\u1ed9i ng\u0169 chuy\u00ean tr\u00e1ch.[\/vc_column_text][\/vc_column][\/vc_row][vc_row full_width=&#8221;stretch_row&#8221; parallax=&#8221;content-moving&#8221; css=&#8221;.vc_custom_1614742146277{margin-bottom: 50px !important;background-position: center;background-repeat: no-repeat !important;background-size: cover !important;}&#8221;][vc_column]<div class=\"cz_gap clr \" style=\"height: 20px\"><\/div><div id=\"cz1613\" class=\"cz1613 slick arrows_mlr no_dots\" data-slick='{\"selector\":\"\",\"slidesToShow\":3,\"slidesToScroll\":1,\"rows\":1,\"fade\":false,\"vertical\":false,\"verticalSwiping\":false,\"infinite\":false,\"speed\":1000,\"swipeToSlide\":true,\"centerMode\":false,\"centerPadding\":\"\",\"variableWidth\":false,\"autoplay\":false,\"autoplaySpeed\":4000,\"dots\":true,\"counts\":false,\"adaptiveHeight\":false,\"responsive\":[{\"breakpoint\":769,\"settings\":{\"slidesToShow\":2,\"slidesToScroll\":1,\"infinite\":true,\"touchMove\":true}},{\"breakpoint\":481,\"settings\":{\"slidesToShow\":1,\"slidesToScroll\":1,\"infinite\":true,\"touchMove\":true}}]}' data-slick-prev=\"fa fa-chevron-left\" data-slick-next=\"fa fa-chevron-right\"><div id=\"cz_50987\" class=\"cz_grid_p cz_50987\"><div class=\"cz_grid cz_grid_1 clr cz_grid_carousel cz_grid_1_no_title cz_grid_1_mid tac\"><div class=\"cz_grid_item cz_grid_first\"><\/div><div class=\"cz_grid_item \"><div><a class=\"cz_grid_link \" href=\"https:\/\/indomyanmarconservation.org\/wp-content\/uploads\/2020\/12\/Rafetus-swinhoei-release-Dong-Mo-Lake-23Oct20-HVH-R-26wtmk.jpg\" data-xtra-lightbox><img decoding=\"async\" width=\"600\" height=\"533\" src=\"data:image\/svg+xml,%3Csvg%20xmlns%3D&#39;http%3A%2F%2Fwww.w3.org%2F2000%2Fsvg&#39;%20width=&#39;600&#39;%20height=&#39;533&#39;%20viewBox%3D&#39;0%200%20600%20533&#39;%2F%3E\" data-czlz data-src=\"https:\/\/indomyanmarconservation.org\/wp-content\/uploads\/2020\/12\/Rafetus-swinhoei-release-Dong-Mo-Lake-23Oct20-HVH-R-26wtmk-600x533.jpg\" class=\"attachment-codevz_600_600\" alt=\"\" title=\"Rafetus swinhoei captured on 22nd October 2020\" data-srcset=\"https:\/\/indomyanmarconservation.org\/wp-content\/uploads\/2020\/12\/Rafetus-swinhoei-release-Dong-Mo-Lake-23Oct20-HVH-R-26wtmk-600x533.jpg 600w, https:\/\/indomyanmarconservation.org\/wp-content\/uploads\/2020\/12\/Rafetus-swinhoei-release-Dong-Mo-Lake-23Oct20-HVH-R-26wtmk-360x320.jpg 360w\" data-sizes=\"(max-width: 600px) 100vw, 600px\" \/><div class=\"cz_grid_details\"><i class=\"fa fa-search cz_grid_icon\"><\/i><\/div><\/a><\/div><\/div><div class=\"cz_grid_item \"><div><a class=\"cz_grid_link \" href=\"https:\/\/indomyanmarconservation.org\/wp-content\/uploads\/2020\/04\/slider_image_turtle_release.jpg\" data-xtra-lightbox><img decoding=\"async\" width=\"600\" height=\"600\" src=\"data:image\/svg+xml,%3Csvg%20xmlns%3D&#39;http%3A%2F%2Fwww.w3.org%2F2000%2Fsvg&#39;%20width=&#39;600&#39;%20height=&#39;600&#39;%20viewBox%3D&#39;0%200%20600%20600&#39;%2F%3E\" data-czlz data-src=\"https:\/\/indomyanmarconservation.org\/wp-content\/uploads\/2020\/04\/slider_image_turtle_release-600x600.jpg\" class=\"attachment-codevz_600_600\" alt=\"\" title=\"slider_image_turtle_release\" data-srcset=\"https:\/\/indomyanmarconservation.org\/wp-content\/uploads\/2020\/04\/slider_image_turtle_release-600x600.jpg 600w, https:\/\/indomyanmarconservation.org\/wp-content\/uploads\/2020\/04\/slider_image_turtle_release-100x100.jpg 100w, https:\/\/indomyanmarconservation.org\/wp-content\/uploads\/2020\/04\/slider_image_turtle_release-150x150.jpg 150w, https:\/\/indomyanmarconservation.org\/wp-content\/uploads\/2020\/04\/slider_image_turtle_release-300x300.jpg 300w\" data-sizes=\"(max-width: 600px) 100vw, 600px\" \/><div class=\"cz_grid_details\"><i class=\"fa fa-search cz_grid_icon\"><\/i><\/div><\/a><\/div><\/div><div class=\"cz_grid_item \"><div><a class=\"cz_grid_link \" href=\"https:\/\/indomyanmarconservation.org\/wp-content\/uploads\/2020\/10\/turtle-release-in-central-Vietnam-Oct20-3.jpg\" data-xtra-lightbox><img decoding=\"async\" width=\"600\" height=\"533\" src=\"data:image\/svg+xml,%3Csvg%20xmlns%3D&#39;http%3A%2F%2Fwww.w3.org%2F2000%2Fsvg&#39;%20width=&#39;600&#39;%20height=&#39;533&#39;%20viewBox%3D&#39;0%200%20600%20533&#39;%2F%3E\" data-czlz data-src=\"https:\/\/indomyanmarconservation.org\/wp-content\/uploads\/2020\/10\/turtle-release-in-central-Vietnam-Oct20-3-600x533.jpg\" class=\"attachment-codevz_600_600\" alt=\"\" title=\"Platysternon megacephalum\" data-srcset=\"https:\/\/indomyanmarconservation.org\/wp-content\/uploads\/2020\/10\/turtle-release-in-central-Vietnam-Oct20-3-600x533.jpg 600w, https:\/\/indomyanmarconservation.org\/wp-content\/uploads\/2020\/10\/turtle-release-in-central-Vietnam-Oct20-3-360x320.jpg 360w\" data-sizes=\"(max-width: 600px) 100vw, 600px\" \/><div class=\"cz_grid_details\"><i class=\"fa fa-search cz_grid_icon\"><\/i><\/div><\/a><\/div><\/div><div class=\"cz_grid_item \"><div><a class=\"cz_grid_link \" href=\"https:\/\/indomyanmarconservation.org\/wp-content\/uploads\/2019\/05\/Ha_Tinh_turtle_rescue-1.jpg\" data-xtra-lightbox><img decoding=\"async\" width=\"600\" height=\"534\" src=\"data:image\/svg+xml,%3Csvg%20xmlns%3D&#39;http%3A%2F%2Fwww.w3.org%2F2000%2Fsvg&#39;%20width=&#39;600&#39;%20height=&#39;534&#39;%20viewBox%3D&#39;0%200%20600%20534&#39;%2F%3E\" data-czlz data-src=\"https:\/\/indomyanmarconservation.org\/wp-content\/uploads\/2019\/05\/Ha_Tinh_turtle_rescue-1-600x534.jpg\" class=\"attachment-codevz_600_600\" alt=\"\" title=\"Ha_Tinh_turtle_rescue (1)\" data-srcset=\"https:\/\/indomyanmarconservation.org\/wp-content\/uploads\/2019\/05\/Ha_Tinh_turtle_rescue-1-600x534.jpg 600w, https:\/\/indomyanmarconservation.org\/wp-content\/uploads\/2019\/05\/Ha_Tinh_turtle_rescue-1-360x320.jpg 360w\" data-sizes=\"(max-width: 600px) 100vw, 600px\" \/><div class=\"cz_grid_details\"><i class=\"fa fa-search cz_grid_icon\"><\/i><\/div><\/a><\/div><\/div><div class=\"cz_grid_item \"><div><a class=\"cz_grid_link \" href=\"https:\/\/indomyanmarconservation.org\/wp-content\/uploads\/2016\/07\/Soc_Son_turtle_rescue-Hao-TCC-3.jpg\" data-xtra-lightbox><img decoding=\"async\" width=\"400\" height=\"300\" src=\"data:image\/svg+xml,%3Csvg%20xmlns%3D&#39;http%3A%2F%2Fwww.w3.org%2F2000%2Fsvg&#39;%20width=&#39;400&#39;%20height=&#39;300&#39;%20viewBox%3D&#39;0%200%20400%20300&#39;%2F%3E\" data-czlz data-src=\"https:\/\/indomyanmarconservation.org\/wp-content\/uploads\/2016\/07\/Soc_Son_turtle_rescue-Hao-TCC-3.jpg\" class=\"attachment-codevz_600_600\" alt=\"\" title=\"Soc_Son_turtle_rescue-Hao-TCC (3)\" data-srcset=\"https:\/\/indomyanmarconservation.org\/wp-content\/uploads\/2016\/07\/Soc_Son_turtle_rescue-Hao-TCC-3.jpg 400w, https:\/\/indomyanmarconservation.org\/wp-content\/uploads\/2016\/07\/Soc_Son_turtle_rescue-Hao-TCC-3-300x225.jpg 300w\" data-sizes=\"(max-width: 400px) 100vw, 400px\" \/><div class=\"cz_grid_details\"><i class=\"fa fa-search cz_grid_icon\"><\/i><\/div><\/a><\/div><\/div><div class=\"cz_grid_item \"><div><a class=\"cz_grid_link \" href=\"https:\/\/indomyanmarconservation.org\/wp-content\/uploads\/2015\/07\/Malayemys_subtrijuga-Nguyen_Duc_Luongwtmk.jpg\" data-xtra-lightbox><img decoding=\"async\" width=\"450\" height=\"338\" src=\"data:image\/svg+xml,%3Csvg%20xmlns%3D&#39;http%3A%2F%2Fwww.w3.org%2F2000%2Fsvg&#39;%20width=&#39;450&#39;%20height=&#39;338&#39;%20viewBox%3D&#39;0%200%20450%20338&#39;%2F%3E\" data-czlz data-src=\"https:\/\/indomyanmarconservation.org\/wp-content\/uploads\/2015\/07\/Malayemys_subtrijuga-Nguyen_Duc_Luongwtmk.jpg\" class=\"attachment-codevz_600_600\" alt=\"\" title=\"Malayemys subtrijuga handed were over to rescue centre\" data-srcset=\"https:\/\/indomyanmarconservation.org\/wp-content\/uploads\/2015\/07\/Malayemys_subtrijuga-Nguyen_Duc_Luongwtmk.jpg 450w, https:\/\/indomyanmarconservation.org\/wp-content\/uploads\/2015\/07\/Malayemys_subtrijuga-Nguyen_Duc_Luongwtmk-300x225.jpg 300w\" data-sizes=\"(max-width: 450px) 100vw, 450px\" \/><div class=\"cz_grid_details\"><i class=\"fa fa-search cz_grid_icon\"><\/i><\/div><\/a><\/div><\/div><div class=\"cz_grid_item \"><div><a class=\"cz_grid_link \" href=\"https:\/\/indomyanmarconservation.org\/wp-content\/uploads\/2020\/09\/4th-turtle-release-2020-2.jpg\" data-xtra-lightbox><img decoding=\"async\" width=\"600\" height=\"533\" src=\"data:image\/svg+xml,%3Csvg%20xmlns%3D&#39;http%3A%2F%2Fwww.w3.org%2F2000%2Fsvg&#39;%20width=&#39;600&#39;%20height=&#39;533&#39;%20viewBox%3D&#39;0%200%20600%20533&#39;%2F%3E\" data-czlz data-src=\"https:\/\/indomyanmarconservation.org\/wp-content\/uploads\/2020\/09\/4th-turtle-release-2020-2-600x533.jpg\" class=\"attachment-codevz_600_600\" alt=\"\" title=\"turtle release in northern Vietnam\" data-srcset=\"https:\/\/indomyanmarconservation.org\/wp-content\/uploads\/2020\/09\/4th-turtle-release-2020-2-600x533.jpg 600w, https:\/\/indomyanmarconservation.org\/wp-content\/uploads\/2020\/09\/4th-turtle-release-2020-2-360x320.jpg 360w\" data-sizes=\"(max-width: 600px) 100vw, 600px\" \/><div class=\"cz_grid_details\"><i class=\"fa fa-search cz_grid_icon\"><\/i><\/div><\/a><\/div><\/div><div class=\"cz_grid_item \"><div><a class=\"cz_grid_link \" href=\"https:\/\/indomyanmarconservation.org\/wp-content\/uploads\/2020\/04\/turtle-release.jpg\" data-xtra-lightbox><img decoding=\"async\" width=\"300\" height=\"200\" src=\"data:image\/svg+xml,%3Csvg%20xmlns%3D&#39;http%3A%2F%2Fwww.w3.org%2F2000%2Fsvg&#39;%20width=&#39;300&#39;%20height=&#39;200&#39;%20viewBox%3D&#39;0%200%20300%20200&#39;%2F%3E\" data-czlz data-src=\"https:\/\/indomyanmarconservation.org\/wp-content\/uploads\/2020\/04\/turtle-release.jpg\" class=\"attachment-codevz_600_600\" alt=\"\" title=\"turtle release in southern Vietnam\" \/><div class=\"cz_grid_details\"><i class=\"fa fa-search cz_grid_icon\"><\/i><\/div><\/a><\/div><\/div><div class=\"cz_grid_item \"><div><a class=\"cz_grid_link \" href=\"https:\/\/indomyanmarconservation.org\/wp-content\/uploads\/2019\/07\/Cuora_mouhotii_release-3.jpg\" data-xtra-lightbox><img decoding=\"async\" width=\"600\" height=\"533\" src=\"data:image\/svg+xml,%3Csvg%20xmlns%3D&#39;http%3A%2F%2Fwww.w3.org%2F2000%2Fsvg&#39;%20width=&#39;600&#39;%20height=&#39;533&#39;%20viewBox%3D&#39;0%200%20600%20533&#39;%2F%3E\" data-czlz data-src=\"https:\/\/indomyanmarconservation.org\/wp-content\/uploads\/2019\/07\/Cuora_mouhotii_release-3-600x533.jpg\" class=\"attachment-codevz_600_600\" alt=\"\" title=\"Cuora mouhotii was checked before releasing\" data-srcset=\"https:\/\/indomyanmarconservation.org\/wp-content\/uploads\/2019\/07\/Cuora_mouhotii_release-3-600x533.jpg 600w, https:\/\/indomyanmarconservation.org\/wp-content\/uploads\/2019\/07\/Cuora_mouhotii_release-3-360x320.jpg 360w\" data-sizes=\"(max-width: 600px) 100vw, 600px\" \/><div class=\"cz_grid_details\"><i class=\"fa fa-search cz_grid_icon\"><\/i><\/div><\/a><\/div><\/div><div class=\"cz_grid_item \"><div><a class=\"cz_grid_link \" href=\"https:\/\/indomyanmarconservation.org\/wp-content\/uploads\/2019\/09\/Soc_Son_turtle_release-7-e1574410902743.jpg\" data-xtra-lightbox><img decoding=\"async\" width=\"533\" height=\"600\" src=\"data:image\/svg+xml,%3Csvg%20xmlns%3D&#39;http%3A%2F%2Fwww.w3.org%2F2000%2Fsvg&#39;%20width=&#39;533&#39;%20height=&#39;600&#39;%20viewBox%3D&#39;0%200%20533%20600&#39;%2F%3E\" data-czlz data-src=\"https:\/\/indomyanmarconservation.org\/wp-content\/uploads\/2019\/09\/Soc_Son_turtle_release-7-e1574410902743-533x600.jpg\" class=\"attachment-codevz_600_600\" alt=\"\" title=\"Soc_Son_turtle_release (7)\" \/><div class=\"cz_grid_details\"><i class=\"fa fa-search cz_grid_icon\"><\/i><\/div><\/a><\/div><\/div><\/div><\/div><\/div><div data-cz-style='#cz1613 .slick-list{margin: 0 -5px;clip-path:inset(0 5px 0 5px)}#cz1613 .slick-slide{margin: 0 5px}'><\/div>[\/vc_column][\/vc_row][vc_row][vc_column width=&#8221;1\/2&#8243;][vc_column_text]ATP t\u1eadp trung ngu\u1ed3n l\u1ef1c v\u00e0o c\u00e1c lo\u00e0i \u01b0u ti\u00ean b\u1ea3o t\u1ed3n t\u1ea1i Vi\u1ec7t Nam bao g\u1ed3m c\u00e1c lo\u00e0i c\u1ef1c k\u1ef3 nguy c\u1ea5p v\u00e0\/ho\u1eb7c \u0111\u1eb7c h\u1eefu, nh\u01b0 lo\u00e0i r\u00f9a Trung b\u1ed9 (<em>Mauremys annamensis<\/em>), nh\u00f3m r\u00f9a h\u1ed9p c\u00f3 ph\u00e2n b\u1ed1 \u1edf mi\u1ec1n Trung: r\u00f9a h\u1ed9p tr\u00e1n v\u00e0ng mi\u1ec1n Trung (<em>Cuora bourreti<\/em>) v\u00e0 r\u00f9a n\u00f9a h\u1ed9p tr\u00e1n v\u00e0ng mi\u1ec1n Nam (<em>Cuora picturata<\/em>), v\u00e0 lo\u00e0i r\u00f9a Ho\u00e0n Ki\u1ebfm (<em>Rafetus swinhoei)<\/em> huy\u1ec1n tho\u1ea1i, c\u00f3 t\u00ean kh\u00e1c l\u00e0 lo\u00e0i Gi\u1ea3i Sin-hoe, ph\u00e2n b\u1ed1 \u1edf mi\u1ec1n B\u1eafc Vi\u1ec7t Nam, lo\u00e0i r\u00f9a \u0111\u01b0\u1ee3c c\u00e1c chuy\u00ean gia \u0111\u00e1nh gi\u00e1 l\u00e0 lo\u00e0i r\u00f9a nguy c\u1ea5p nh\u1ea5t th\u1ebf gi\u1edbi.<\/p>\n<p>[\/vc_column_text]<div id=\"cz_73604\" class=\"cz_73604 cz_gradient_title\"><div class=\"cz_wpe_content\"><a href=\"http:\/\/asianturtleprogram.org\/vi\/\">T\u00ecm hi\u1ec3u th\u00eam v\u1ec1 <strong>Ch\u01b0\u01a1ng tr\u00ecnh B\u1ea3o t\u1ed3n r\u00f9a ch\u00e2u \u00c1<\/strong><\/a><\/div><\/div>[\/vc_column][vc_column width=&#8221;1\/2&#8243;]<div id=\"cz_80952\" class=\"cz_grid_p cz_80952\"><div class=\"cz_grid cz_grid_1 clr cz_hr_grid cz_grid_c2 cz_grid_1_no_title cz_grid_1_mid tac\"><div class=\"cz_grid_item cz_grid_first\"><\/div><div class=\"cz_grid_item \"><div><a class=\"cz_grid_link \" href=\"https:\/\/indomyanmarconservation.org\/wp-content\/uploads\/2020\/05\/Mauremys_annamensis-TMc.jpg\" data-xtra-lightbox><img decoding=\"async\" width=\"800\" height=\"536\" src=\"data:image\/svg+xml,%3Csvg%20xmlns%3D&#39;http%3A%2F%2Fwww.w3.org%2F2000%2Fsvg&#39;%20width=&#39;800&#39;%20height=&#39;536&#39;%20viewBox%3D&#39;0%200%20800%20536&#39;%2F%3E\" data-czlz data-src=\"https:\/\/indomyanmarconservation.org\/wp-content\/uploads\/2020\/05\/Mauremys_annamensis-TMc.jpg\" class=\"attachment-full\" alt=\"\" title=\"Mauremys annamensis\" data-srcset=\"https:\/\/indomyanmarconservation.org\/wp-content\/uploads\/2020\/05\/Mauremys_annamensis-TMc.jpg 800w, https:\/\/indomyanmarconservation.org\/wp-content\/uploads\/2020\/05\/Mauremys_annamensis-TMc-300x201.jpg 300w, https:\/\/indomyanmarconservation.org\/wp-content\/uploads\/2020\/05\/Mauremys_annamensis-TMc-768x515.jpg 768w, https:\/\/indomyanmarconservation.org\/wp-content\/uploads\/2020\/05\/Mauremys_annamensis-TMc-600x402.jpg 600w\" data-sizes=\"(max-width: 800px) 100vw, 800px\" \/><div class=\"cz_grid_details\"><i class=\"fa fa-search cz_grid_icon\"><\/i><\/div><\/a><\/div><\/div><div class=\"cz_grid_item \"><div><a class=\"cz_grid_link \" href=\"https:\/\/indomyanmarconservation.org\/wp-content\/uploads\/2019\/09\/turtle_at_TCC.jpg\" data-xtra-lightbox><img decoding=\"async\" width=\"800\" height=\"533\" src=\"data:image\/svg+xml,%3Csvg%20xmlns%3D&#39;http%3A%2F%2Fwww.w3.org%2F2000%2Fsvg&#39;%20width=&#39;800&#39;%20height=&#39;533&#39;%20viewBox%3D&#39;0%200%20800%20533&#39;%2F%3E\" data-czlz data-src=\"https:\/\/indomyanmarconservation.org\/wp-content\/uploads\/2019\/09\/turtle_at_TCC.jpg\" class=\"attachment-full\" alt=\"\" title=\"Cuora bourreti\" data-srcset=\"https:\/\/indomyanmarconservation.org\/wp-content\/uploads\/2019\/09\/turtle_at_TCC.jpg 800w, https:\/\/indomyanmarconservation.org\/wp-content\/uploads\/2019\/09\/turtle_at_TCC-300x200.jpg 300w, https:\/\/indomyanmarconservation.org\/wp-content\/uploads\/2019\/09\/turtle_at_TCC-768x512.jpg 768w, https:\/\/indomyanmarconservation.org\/wp-content\/uploads\/2019\/09\/turtle_at_TCC-600x400.jpg 600w\" data-sizes=\"(max-width: 800px) 100vw, 800px\" \/><div class=\"cz_grid_details\"><i class=\"fa fa-search cz_grid_icon\"><\/i><\/div><\/a><\/div><\/div><div class=\"cz_grid_item \"><div><a class=\"cz_grid_link \" href=\"https:\/\/indomyanmarconservation.org\/wp-content\/uploads\/2020\/05\/Cuora-picturata-NTThang-Rwtmk.jpg\" data-xtra-lightbox><img decoding=\"async\" width=\"800\" height=\"615\" src=\"data:image\/svg+xml,%3Csvg%20xmlns%3D&#39;http%3A%2F%2Fwww.w3.org%2F2000%2Fsvg&#39;%20width=&#39;800&#39;%20height=&#39;615&#39;%20viewBox%3D&#39;0%200%20800%20615&#39;%2F%3E\" data-czlz data-src=\"https:\/\/indomyanmarconservation.org\/wp-content\/uploads\/2020\/05\/Cuora-picturata-NTThang-Rwtmk.jpg\" class=\"attachment-full\" alt=\"\" title=\"Cuora picturata. Photo credit: Nguyen Tai Thang - ATP\/IMC\" data-srcset=\"https:\/\/indomyanmarconservation.org\/wp-content\/uploads\/2020\/05\/Cuora-picturata-NTThang-Rwtmk.jpg 800w, https:\/\/indomyanmarconservation.org\/wp-content\/uploads\/2020\/05\/Cuora-picturata-NTThang-Rwtmk-300x231.jpg 300w, https:\/\/indomyanmarconservation.org\/wp-content\/uploads\/2020\/05\/Cuora-picturata-NTThang-Rwtmk-768x590.jpg 768w, https:\/\/indomyanmarconservation.org\/wp-content\/uploads\/2020\/05\/Cuora-picturata-NTThang-Rwtmk-600x461.jpg 600w\" data-sizes=\"(max-width: 800px) 100vw, 800px\" \/><div class=\"cz_grid_details\"><i class=\"fa fa-search cz_grid_icon\"><\/i><\/div><\/a><\/div><\/div><div class=\"cz_grid_item \"><div><a class=\"cz_grid_link \" href=\"https:\/\/indomyanmarconservation.org\/wp-content\/uploads\/2020\/05\/Rafetus-swinhoei-TMc-Rwtmk.jpg\" data-xtra-lightbox><img decoding=\"async\" width=\"800\" height=\"615\" src=\"data:image\/svg+xml,%3Csvg%20xmlns%3D&#39;http%3A%2F%2Fwww.w3.org%2F2000%2Fsvg&#39;%20width=&#39;800&#39;%20height=&#39;615&#39;%20viewBox%3D&#39;0%200%20800%20615&#39;%2F%3E\" data-czlz data-src=\"https:\/\/indomyanmarconservation.org\/wp-content\/uploads\/2020\/05\/Rafetus-swinhoei-TMc-Rwtmk.jpg\" class=\"attachment-full\" alt=\"\" title=\"Rafetus swinhoei. Photo credit: Tim McCormack - ATP\/IMC\" data-srcset=\"https:\/\/indomyanmarconservation.org\/wp-content\/uploads\/2020\/05\/Rafetus-swinhoei-TMc-Rwtmk.jpg 800w, https:\/\/indomyanmarconservation.org\/wp-content\/uploads\/2020\/05\/Rafetus-swinhoei-TMc-Rwtmk-300x231.jpg 300w, https:\/\/indomyanmarconservation.org\/wp-content\/uploads\/2020\/05\/Rafetus-swinhoei-TMc-Rwtmk-768x590.jpg 768w, https:\/\/indomyanmarconservation.org\/wp-content\/uploads\/2020\/05\/Rafetus-swinhoei-TMc-Rwtmk-600x461.jpg 600w\" data-sizes=\"(max-width: 800px) 100vw, 800px\" \/><div class=\"cz_grid_details\"><i class=\"fa fa-search cz_grid_icon\"><\/i><\/div><\/a><\/div><\/div><\/div><\/div>[\/vc_column][\/vc_row][vc_row full_width=&#8221;stretch_row&#8221; parallax=&#8221;content-moving&#8221; css=&#8221;.vc_custom_1614742146277{margin-bottom: 50px !important;background-position: center;background-repeat: no-repeat;background-size: cover !important;}&#8221;][vc_column]<div class=\"cz_gap clr \" style=\"height: 20px\"><\/div>[\/vc_column][\/vc_row][vc_row][vc_column width=&#8221;1\/3&#8243;][\/vc_column][vc_column width=&#8221;1\/3&#8243;]<div id=\"cz_70202\" class=\"cz_70202 cz_gradient_title cz_gradient_title_center\"><div class=\"cz_wpe_content\"><h2 style=\"font-size: 50px; font-weight: bold; text-align: center;\"><a href=\"\/vi\/category\/atp-news\/\"><strong>Tin t\u1ee9c<\/strong><\/a><\/h2>\n<\/div><\/div>[\/vc_column][vc_column width=&#8221;1\/3&#8243;][\/vc_column][\/vc_row][vc_row][vc_column][vc_basic_grid post_type=&#8221;post&#8221; max_items=&#8221;6&#8243; item=&#8221;2947&#8243; grid_id=&#8221;vc_gid:1615541739326-0ae212b8-185d-0&#8243; taxonomies=&#8221;16&#8243;][\/vc_column][\/vc_row]<\/p>\n<\/div>","protected":false},"excerpt":{"rendered":"<p>[vc_row][vc_column][\/vc_column][\/vc_row][vc_row][vc_column width=&#8221;1\/2&#8243;][vc_column_text]Ch\u01b0\u01a1ng tr\u00ecnh B\u1ea3o t\u1ed3n R\u00f9a ch\u00e2u \u00c1 (ATP) l\u00e0 ch\u01b0\u01a1ng &#8230; <\/p>\n","protected":false},"author":1,"featured_media":0,"parent":0,"menu_order":0,"comment_status":"closed","ping_status":"closed","template":"","meta":{"footnotes":""},"class_list":["post-5594","page","type-page","status-publish","hentry"],"translation":{"provider":"WPGlobus","version":"3.0.0","language":"vi","enabled_languages":["en","vi","my"],"languages":{"en":{"title":true,"content":true,"excerpt":false},"vi":{"title":true,"content":true,"excerpt":false},"my":{"title":false,"content":false,"excerpt":false}}},"_links":{"self":[{"href":"https:\/\/indomyanmarconservation.org\/vi\/wp-json\/wp\/v2\/pages\/5594","targetHints":{"allow":["GET"]}}],"collection":[{"href":"https:\/\/indomyanmarconservation.org\/vi\/wp-json\/wp\/v2\/pages"}],"about":[{"href":"https:\/\/indomyanmarconservation.org\/vi\/wp-json\/wp\/v2\/types\/page"}],"author":[{"embeddable":true,"href":"https:\/\/indomyanmarconservation.org\/vi\/wp-json\/wp\/v2\/users\/1"}],"replies":[{"embeddable":true,"href":"https:\/\/indomyanmarconservation.org\/vi\/wp-json\/wp\/v2\/comments?post=5594"}],"version-history":[{"count":23,"href":"https:\/\/indomyanmarconservation.org\/vi\/wp-json\/wp\/v2\/pages\/5594\/revisions"}],"predecessor-version":[{"id":7890,"href":"https:\/\/indomyanmarconservation.org\/vi\/wp-json\/wp\/v2\/pages\/5594\/revisions\/7890"}],"wp:attachment":[{"href":"https:\/\/indomyanmarconservation.org\/vi\/wp-json\/wp\/v2\/media?parent=5594"}],"curies":[{"name":"wp","href":"https:\/\/api.w.org\/{rel}","templated":true}]}}