{"id":7644,"date":"2021-03-11T10:01:26","date_gmt":"2021-03-11T10:01:26","guid":{"rendered":"http:\/\/www.conservationpulse.com\/?page_id=7644"},"modified":"2021-03-15T08:35:47","modified_gmt":"2021-03-15T08:35:47","slug":"rescue-centre-support","status":"publish","type":"page","link":"https:\/\/indomyanmarconservation.org\/vi\/rescue-centre-support\/","title":{"rendered":"H\u1ed7 tr\u1ee3 trung t\u00e2m c\u1ee9u h\u1ed9"},"content":{"rendered":"<div class=\"wpb-content-wrapper\"><p>[vc_row][vc_column]<div id=\"cz_33195\" class=\"cz_33195 cz_gradient_title cz_gradient_title_center\"><div class=\"cz_wpe_content\"><h1 style=\"text-align: center;\">H\u1ed7 tr\u1ee3 trung t\u00e2m c\u1ee9u h\u1ed9<\/h1>\n<\/div><\/div>[vc_column_text]Cu\u1ed9c chi\u1ebfn ch\u1ed1ng n\u1ea1n bu\u00f4n b\u00e1n \u0111\u1ed9ng v\u1eadt hoang d\u00e3 tr\u00e1i ph\u00e9p l\u00e0 m\u1ed9t m\u1eb7t tr\u1eadn quan tr\u1ecdng nh\u1eb1m b\u1ea3o v\u1ec7 c\u00e1c qu\u1ea7n th\u1ec3 hoang d\u00e3 c\u1ee7a c\u00e1c lo\u00e0i nguy c\u1ea5p. Nh\u01b0ng nh\u1eefng th\u00e0nh qu\u1ea3 tr\u00ean m\u1eb7t tr\u1eadn n\u00e0y \u0111\u1eb7t ra m\u1ed9t b\u00e0i to\u00e1n kh\u00f3: l\u01b0\u1ee3ng \u0111\u1ed9ng v\u1eadt l\u1edbn \u0111\u01b0\u1ee3c c\u1ee9u h\u1ed9 v\u00e0 chuy\u1ec3n giao v\u1ec1 c\u00e1c trung t\u00e2m c\u1ee9u h\u1ed9, \u0111\u1eb7c bi\u1ec7t l\u00e0 \u1edf khu v\u1ef1c \u0110\u00f4ng Nam \u00c1. V\u1edbi s\u1ed1 l\u01b0\u1ee3ng l\u1edbn \u0111\u1ed9ng v\u1eadt b\u1ecb bu\u00f4n b\u00e1n trong nh\u1eefng n\u0103m g\u1ea7n \u0111\u00e2y, c\u00e1c trung t\u00e2m c\u1ee9u h\u1ed9 th\u01b0\u1eddng xuy\u00ean ph\u1ea3i \u0111\u1ed1i m\u1eb7t v\u1edbi t\u00ecnh tr\u1ea1ng qu\u00e1 t\u1ea3i c\u1ea3 v\u1ec1 c\u01a1 s\u1edf v\u1eadt ch\u1ea5t v\u00e0 nh\u00e2n l\u1ef1c. Nh\u1ea5t l\u00e0 \u0111\u1ed9i ng\u0169 chuy\u00ean m\u00f4n v\u1ec1 ch\u0103m s\u00f3c v\u00e0 ch\u1eefa tr\u1ecb \u0111\u1ed9ng v\u1eadt.<\/p>\n<p>IMC cam k\u1ebft h\u1ed7 tr\u1ee3 c\u00e1c trung t\u00e2m c\u1ee9u h\u1ed9 trong c\u00f4ng t\u00e1c ti\u1ebfp nh\u1eadn c\u00e1c \u0111\u1ed9ng v\u1eadt t\u1eeb n\u1ea1n bu\u00f4n b\u00e1n m\u1ed9t c\u00e1ch nhanh ch\u00f3ng v\u00e0 an to\u00e0n v\u00e0 ch\u0103m s\u00f3c h\u1ed3i ph\u1ee5c s\u1ee9c kh\u1ecfe \u0111\u1ed9ng v\u1eadt v\u1edbi m\u1ee5c \u0111\u00edch t\u00e1i th\u1ea3 c\u00e1c c\u00e1 th\u1ec3 n\u00e0y tr\u1edf l\u1ea1i m\u00f4i tr\u01b0\u1eddng hoang d\u00e3. IMC cung c\u1ea5p c\u00e1c h\u1ed7 tr\u1ee3 v\u1ec1 t\u00e0i ch\u00ednh, t\u01b0 v\u1ea5n chuy\u00ean gia v\u00e0 t\u1eadp hu\u1ea5n ch\u0103m s\u00f3c \u0111\u1ed9ng v\u1eadt. M\u1ee5c \u0111\u00edch c\u1ee7a ch\u00fang t\u00f4i l\u00e0 gi\u00e1m s\u00e1t s\u1ef1 ph\u00e1t tri\u1ec3n c\u1ee7a m\u1ed9t m\u1ea1ng l\u01b0\u1edbi c\u00e1c trung t\u00e2m ch\u0103m s\u00f3c \u0111\u1ed9ng v\u1eadt ho\u1ea1t \u0111\u1ed9ng t\u1ed1t, m\u1ed7i trung t\u00e2m c\u00f3 \u0111\u1ee7 th\u1ea9m quy\u1ec1n v\u00e0 n\u0103ng l\u1ef1c \u0111\u1ec3 gi\u1eef v\u00e0 x\u1eed l\u00fd \u0111\u1ed9ng v\u1eadt chu\u1ea9n x\u00e1c, \u0111i\u1ec1u tr\u1ecb \u0111\u1ed9ng v\u1eadt b\u1ecb th\u01b0\u01a1ng v\u00e0 \u1ed1m, x\u00e9t nghi\u1ec7m v\u00e0 s\u00e0ng l\u1ecdc c\u00e1c m\u1ea7m b\u1ec7nh nguy hi\u1ec3m v\u00e0 th\u1ea3 \u0111\u1ed9ng v\u1eadt kh\u1ecfe m\u1ea1nh tr\u1edf l\u1ea1i t\u1ef1 nhi\u00ean.[\/vc_column_text][\/vc_column][\/vc_row][vc_row full_width=&#8221;stretch_row&#8221; parallax=&#8221;content-moving&#8221; css=&#8221;.vc_custom_1614742146277{margin-bottom: 50px !important;background-position: center;background-repeat: no-repeat !important;background-size: cover !important;}&#8221;][vc_column]<div class=\"cz_gap clr \" style=\"height: 20px\"><\/div>[\/vc_column][\/vc_row][vc_row][vc_column width=&#8221;1\/3&#8243;][\/vc_column][vc_column width=&#8221;1\/3&#8243;]<div id=\"cz_67701\" class=\"cz_67701 cz_gradient_title cz_gradient_title_center\"><div class=\"cz_wpe_content\"><h2 style=\"font-size: 50px; font-weight: bold; text-align: center;\"><strong>Tin m\u1edbi<\/strong><\/h2>\n<\/div><\/div>[\/vc_column][vc_column width=&#8221;1\/3&#8243;][\/vc_column][\/vc_row][vc_row][vc_column][vc_basic_grid post_type=&#8221;post&#8221; max_items=&#8221;6&#8243; item=&#8221;2947&#8243; grid_id=&#8221;vc_gid:1615797038125-3ae3465a-c401-6&#8243; taxonomies=&#8221;355&#8243;][\/vc_column][\/vc_row]<\/p>\n<\/div>","protected":false},"excerpt":{"rendered":"<p>[vc_row][vc_column][vc_column_text]Cu\u1ed9c chi\u1ebfn ch\u1ed1ng n\u1ea1n bu\u00f4n b\u00e1n \u0111\u1ed9ng v\u1eadt hoang d\u00e3 tr\u00e1i &#8230; <\/p>\n","protected":false},"author":1,"featured_media":0,"parent":0,"menu_order":0,"comment_status":"closed","ping_status":"closed","template":"","meta":{"footnotes":""},"class_list":["post-7644","page","type-page","status-publish","hentry"],"translation":{"provider":"WPGlobus","version":"3.0.0","language":"vi","enabled_languages":["en","vi","my"],"languages":{"en":{"title":true,"content":true,"excerpt":false},"vi":{"title":true,"content":true,"excerpt":false},"my":{"title":false,"content":false,"excerpt":false}}},"_links":{"self":[{"href":"https:\/\/indomyanmarconservation.org\/vi\/wp-json\/wp\/v2\/pages\/7644","targetHints":{"allow":["GET"]}}],"collection":[{"href":"https:\/\/indomyanmarconservation.org\/vi\/wp-json\/wp\/v2\/pages"}],"about":[{"href":"https:\/\/indomyanmarconservation.org\/vi\/wp-json\/wp\/v2\/types\/page"}],"author":[{"embeddable":true,"href":"https:\/\/indomyanmarconservation.org\/vi\/wp-json\/wp\/v2\/users\/1"}],"replies":[{"embeddable":true,"href":"https:\/\/indomyanmarconservation.org\/vi\/wp-json\/wp\/v2\/comments?post=7644"}],"version-history":[{"count":9,"href":"https:\/\/indomyanmarconservation.org\/vi\/wp-json\/wp\/v2\/pages\/7644\/revisions"}],"predecessor-version":[{"id":8810,"href":"https:\/\/indomyanmarconservation.org\/vi\/wp-json\/wp\/v2\/pages\/7644\/revisions\/8810"}],"wp:attachment":[{"href":"https:\/\/indomyanmarconservation.org\/vi\/wp-json\/wp\/v2\/media?parent=7644"}],"curies":[{"name":"wp","href":"https:\/\/api.w.org\/{rel}","templated":true}]}}