{"id":93,"date":"2018-09-03T23:17:33","date_gmt":"2018-09-03T23:17:33","guid":{"rendered":"http:\/\/asianturtleprogram.org\/wp\/?page_id=93"},"modified":"2021-08-13T05:21:37","modified_gmt":"2021-08-13T04:21:37","slug":"donate","status":"publish","type":"page","link":"https:\/\/indomyanmarconservation.org\/vi\/donate\/","title":{"rendered":"T\u00e0i tr\u1ee3 c\u00e1c ho\u1ea1t \u0111\u1ed9ng b\u1ea3o t\u1ed3n"},"content":{"rendered":"<div class=\"wpb-content-wrapper\"><p>[vc_row][vc_column]<div class=\"cz_gap clr  hide_on_tablet hide_on_mobile\" style=\"height: 110px\"><\/div><div class=\"cz_gap show_on_tablet clr  show_only_tablet\" style=\"height: 100px\"><\/div><div class=\"cz_gap show_on_mobile clr\" style=\"height: 80px\"><\/div><div id=\"cz_94189\" class=\"cz_94189 cz_title clr cz_mobile_text_center cz_title_pos_inline tac\"><div class=\"cz_title_shape shape_text cz_shape_1\">THANK YOU!<\/div><div class=\"cz_title_content\"><div class=\"cz_wpe_content\"><h2 style=\"text-align: center;\"><span style=\"font-size: 46px;\"> <span style=\"color: #edbb5f;\">T\u00e0i tr\u1ee3 <\/span>c\u00e1c ho\u1ea1t \u0111\u1ed9ng c\u1ee7a ch\u00fang t\u00f4i<\/span><\/h2>\n<p style=\"text-align: center;\"><span style=\"color: #808080; font-size: 18px;\">V\u1edbi nhi\u1ec1u ho\u1ea1t \u0111\u1ed9ng nghi\u00ean c\u1ee9u, b\u1ea3o t\u1ed3n, v\u00e0 n\u00e2ng cao nh\u1eadn th\u1ee9c, T\u1ed5 ch\u1ee9c Indo-Myanmar Conservation \u0111ang kh\u00f4ng ng\u1eebng ph\u00e1t tri\u1ec3n, \u0111\u00f3ng g\u00f3p cho c\u00f4ng t\u00e1c b\u1ea3o t\u1ed3n c\u00e1c lo\u00e0i \u0111\u1ed9ng v\u1eadt hoang d\u00e3 trong khu v\u1ef1c. Ch\u00fang t\u00f4i tr\u00e2n tr\u1ecdng m\u1ecdi s\u1ef1 \u1ee7ng h\u1ed9 v\u00e0 t\u00e0i tr\u1ee3 t\u1eeb c\u00e1c b\u1ea1n.<\/span><\/p>\n<\/div><\/div><\/div>[\/vc_column][\/vc_row][vc_row][vc_column width=&#8221;1\/2&#8243;]<div id=\"cz_22078\" class=\"cz_22078 cz_title clr cz_title_pos_inline\"><div class=\"cz_title_content\"><div class=\"cz_wpe_content\"><h3>T\u00e0i tr\u1ee3 b\u1eb1ng ti\u1ec1n m\u1eb7t:<\/h3>\n<p>V\u1edbi c\u00e1c kho\u1ea3n t\u00e0i tr\u1ee3 nh\u1ecf, b\u1ea1n c\u00f3 chuy\u1ec3n t\u1edbi ch\u00fang t\u00f4i qua c\u1ed5ng thanh to\u00e1n \u0111i\u1ec7n t\u1eed Paypal b\u1eb1ng c\u00e1ch nh\u1ea5n n\u00fat sau <a href=\"mailto:support@asianturtleprogram.org\">support@asianturtleprogram.org<\/a><\/p>\n<\/div><\/div><\/div><div id=\"cz_83397\" class=\"cz_83397 cz_title clr cz_title_pos_inline\"><div class=\"cz_title_content\"><div class=\"cz_wpe_content\"><form action=\"https:\/\/www.paypal.com\/cgi-bin\/webscr\" method=\"post\" target=\"_top\"><a id=\"title\" name=\"support\"><\/a><input alt=\"PayPal - The safer, easier way to pay online!\" name=\"submit\" src=\"\/wp-content\/uploads\/2020\/04\/donate.png\" type=\"image\" width=\"50px\" \/><br \/>\n<img decoding=\"async\" src=\"data:image\/svg+xml,%3Csvg%20xmlns%3D&#39;http%3A%2F%2Fwww.w3.org%2F2000%2Fsvg&#39;%20width=&#39;1&#39;%20height=&#39;1&#39;%20viewBox%3D&#39;0%200%201%201&#39;%2F%3E\" data-czlz data-src=\"https:\/\/www.paypalobjects.com\/en_US\/i\/scr\/pixel.gif\" alt=\"\" width=\"1\" height=\"1\" border=\"0\" \/><\/form>\n<\/div><\/div><\/div><div id=\"cz_28059\" class=\"cz_28059 cz_title clr cz_title_pos_inline\"><div class=\"cz_title_content\"><div class=\"cz_wpe_content\"><p>C\u00e1c kho\u1ea3n t\u00e0i tr\u1ee3 l\u1edbn h\u01a1n $1,000, b\u1ea1n c\u00f3 th\u1ec3 chuy\u1ec3n ti\u1ec1n qua Paypal ho\u1eb7c li\u00ean h\u1ec7 v\u1edbi ch\u00fang t\u00f4i qua \u0111\u1ecba ch\u1ec9 email support@asianturtleprogrm.org \u0111\u1ec3 c\u00f3 th\u00f4ng tin v\u1ec1 c\u00e1c h\u00ecnh th\u1ee9c nh\u1eadn t\u00e0i tr\u1ee3 kh\u00e1c nh\u01b0 qua t\u00e0i kho\u1ea3n ng\u00e2n h\u00e0ng, hay s\u00e9c.<\/p>\n<\/div><\/div><\/div><div class=\"cz_gap clr \" style=\"height: 20px\"><\/div><div id=\"cz_28763\" class=\"cz_28763 cz_title clr cz_title_pos_inline\"><div class=\"cz_title_content\"><div class=\"cz_wpe_content\"><p>N\u1ebfu b\u1ea1n mong mu\u1ed1n h\u1ed7 tr\u1ee3 cho m\u1ed9t ho\u1eb7c nhi\u1ec1u ho\u1ea1t \u0111\u1ed9ng c\u1ee5 th\u1ec3, vui l\u00f2ng n\u00eau r\u00f5:<\/p>\n<ul>\n<li><strong>ATP<\/strong>: <strong><span style=\"color: #156131;\">Ch\u01b0\u01a1ng tr\u00ecnh B\u1ea3o t\u1ed3n r\u00f9a ch\u00e2u \u00c1<\/span><\/strong><\/li>\n<li><strong>Training<\/strong>: <strong> <span style=\"color: #156131;\">Truy\u1ec1n th\u00f4ng c\u1ed9ng \u0111\u1ed3ng v\u00e0 x\u00e2y d\u1ef1ng \u0111\u1ed9i ng\u0169 chuy\u00ean tr\u00e1ch<\/span> <\/strong><\/li>\n<li><strong>Survey<\/strong>: <strong> <span style=\"color: #156131;\">Kh\u1ea3o s\u00e1t \u0111a d\u1ea1ng sinh h\u1ecdc<\/span> <\/strong><\/li>\n<li><strong>Rescue Centre<\/strong>: <strong> <span style=\"color: #156131;\">H\u1ed7 tr\u1ee3 trung t\u00e2m c\u1ee9u h\u1ed9<\/span><\/strong><\/li>\n<li><strong>Protected Areas<\/strong>: <strong> <span style=\"color: #156131;\">Th\u00e0nh l\u1eadp v\u00e0 qu\u1ea3n l\u00fd khu b\u1ea3o t\u1ed3n<\/span> <\/strong><\/li>\n<li><strong>Others<\/strong>: <strong> <span style=\"color: #156131;\">C\u00e1c ho\u1ea1t \u0111\u1ed9ng kh\u00e1c<\/span><\/strong><\/li>\n<\/ul>\n<\/div><\/div><\/div>[\/vc_column][vc_column width=&#8221;1\/2&#8243;]<div id=\"cz_71832\" class=\"cz_71832 cz_title clr cz_title_pos_inline\"><div class=\"cz_title_content\"><div class=\"cz_wpe_content\"><h3>T\u00e0i tr\u1ee3 trang thi\u1ebft b\u1ecb:<\/h3>\n<p>\u0110\u1ec3 \u0111\u00e1p \u1ee9ng nhu c\u1ea7u v\u00e0 trang b\u1ecb cho \u0111\u1ed9i ng\u0169 c\u00e1n b\u1ed9 th\u1ef1c \u0111\u1ecba \u0111ang l\u00e0m vi\u1ec7c tr\u00ean nhi\u1ec1u \u0111\u1ecba b\u00e0n c\u1ea3 n\u01b0\u1edbc c\u0169ng nh\u01b0 c\u00e1c sinh vi\u00ean th\u1ef1c t\u1eadp ngh\u1ec1 nghi\u1ec7p, ch\u00fang t\u00f4i r\u1ea5t c\u1ea7n c\u00e1c thi\u1ebft b\u1ecb (c\u0169 ho\u1eb7c m\u1edbi). Do v\u1eady, n\u1ebfu b\u1ea1n mong mu\u1ed1n t\u00e0i tr\u1ee3 c\u00e1c thi\u1ebft b\u1ecb ph\u1ee5c v\u1ee5 ho\u1ea1t \u0111\u1ed9ng nghi\u00ean c\u1ee9u ho\u1eb7c nh\u00e2n nu\u00f4i b\u1ea3o t\u1ed3n, vui l\u00f2ng li\u00ean h\u1ec7 v\u1edbi ch\u00fang t\u00f4i theo \u0111\u1ecba ch\u1ec9 mail:<a href=\"mailto:support@asianturtleprogram.org\">support@asianturtleprogram.org<\/a>.<\/p>\n<p><i>C\u00e1c lo\u1ea1i trang thi\u1ebft b\u1ecb b\u1ea1n c\u00f3 th\u1ec3 t\u00e0i tr\u1ee3:<\/i><\/p>\n<ul>\n<li>\u1ed0ng nh\u00f2m<\/li>\n<li>M\u00e1y \u1ea3nh k\u1ef9 thu\u1eadt s\u1ed1 v\u1edbi \u1ed1ng ng\u1eafm<\/li>\n<li>C\u00e2n<\/li>\n<li>L\u00f2 \u1ea5p tr\u1ee9ng<\/li>\n<li>C\u00e1c thi\u1ebft b\u1ecb kh\u00e1c<\/li>\n<\/ul>\n<\/div><\/div><\/div><div id=\"cz_95978\" class=\"cz_grid_p cz_95978\"><div class=\"cz_grid cz_grid_1 clr cz_grid_c2 cz_grid_1_no_title cz_grid_1_mid tac\"><div class=\"cz_grid_item cz_grid_first\"><\/div><div class=\"cz_grid_item \"><div><a class=\"cz_grid_link \" href=\"https:\/\/indomyanmarconservation.org\/wp-content\/uploads\/2020\/04\/Binoculars.jpg\" data-xtra-lightbox><img decoding=\"async\" width=\"400\" height=\"400\" src=\"data:image\/svg+xml,%3Csvg%20xmlns%3D&#39;http%3A%2F%2Fwww.w3.org%2F2000%2Fsvg&#39;%20width=&#39;400&#39;%20height=&#39;400&#39;%20viewBox%3D&#39;0%200%20400%20400&#39;%2F%3E\" data-czlz data-src=\"https:\/\/indomyanmarconservation.org\/wp-content\/uploads\/2020\/04\/Binoculars.jpg\" class=\"attachment-codevz_600_600\" alt=\"\" title=\"Binoculars\" data-srcset=\"https:\/\/indomyanmarconservation.org\/wp-content\/uploads\/2020\/04\/Binoculars.jpg 400w, https:\/\/indomyanmarconservation.org\/wp-content\/uploads\/2020\/04\/Binoculars-100x100.jpg 100w, https:\/\/indomyanmarconservation.org\/wp-content\/uploads\/2020\/04\/Binoculars-300x300.jpg 300w, https:\/\/indomyanmarconservation.org\/wp-content\/uploads\/2020\/04\/Binoculars-150x150.jpg 150w\" data-sizes=\"(max-width: 400px) 100vw, 400px\" \/><div class=\"cz_grid_details\"><i class=\"fa fa-search cz_grid_icon\"><\/i><\/div><\/a><\/div><\/div><div class=\"cz_grid_item \"><div><a class=\"cz_grid_link \" href=\"https:\/\/indomyanmarconservation.org\/wp-content\/uploads\/2020\/04\/camera-spotting-scope.jpg\" data-xtra-lightbox><img decoding=\"async\" width=\"400\" height=\"400\" src=\"data:image\/svg+xml,%3Csvg%20xmlns%3D&#39;http%3A%2F%2Fwww.w3.org%2F2000%2Fsvg&#39;%20width=&#39;400&#39;%20height=&#39;400&#39;%20viewBox%3D&#39;0%200%20400%20400&#39;%2F%3E\" data-czlz data-src=\"https:\/\/indomyanmarconservation.org\/wp-content\/uploads\/2020\/04\/camera-spotting-scope.jpg\" class=\"attachment-codevz_600_600\" alt=\"\" title=\"camera spotting scope\" data-srcset=\"https:\/\/indomyanmarconservation.org\/wp-content\/uploads\/2020\/04\/camera-spotting-scope.jpg 400w, https:\/\/indomyanmarconservation.org\/wp-content\/uploads\/2020\/04\/camera-spotting-scope-100x100.jpg 100w, https:\/\/indomyanmarconservation.org\/wp-content\/uploads\/2020\/04\/camera-spotting-scope-300x300.jpg 300w, https:\/\/indomyanmarconservation.org\/wp-content\/uploads\/2020\/04\/camera-spotting-scope-150x150.jpg 150w\" data-sizes=\"(max-width: 400px) 100vw, 400px\" \/><div class=\"cz_grid_details\"><i class=\"fa fa-search cz_grid_icon\"><\/i><\/div><\/a><\/div><\/div><div class=\"cz_grid_item \"><div><a class=\"cz_grid_link \" href=\"https:\/\/indomyanmarconservation.org\/wp-content\/uploads\/2020\/04\/scales.jpg\" data-xtra-lightbox><img decoding=\"async\" width=\"400\" height=\"400\" src=\"data:image\/svg+xml,%3Csvg%20xmlns%3D&#39;http%3A%2F%2Fwww.w3.org%2F2000%2Fsvg&#39;%20width=&#39;400&#39;%20height=&#39;400&#39;%20viewBox%3D&#39;0%200%20400%20400&#39;%2F%3E\" data-czlz data-src=\"https:\/\/indomyanmarconservation.org\/wp-content\/uploads\/2020\/04\/scales.jpg\" class=\"attachment-codevz_600_600\" alt=\"\" title=\"scales\" data-srcset=\"https:\/\/indomyanmarconservation.org\/wp-content\/uploads\/2020\/04\/scales.jpg 400w, https:\/\/indomyanmarconservation.org\/wp-content\/uploads\/2020\/04\/scales-100x100.jpg 100w, https:\/\/indomyanmarconservation.org\/wp-content\/uploads\/2020\/04\/scales-300x300.jpg 300w, https:\/\/indomyanmarconservation.org\/wp-content\/uploads\/2020\/04\/scales-150x150.jpg 150w\" data-sizes=\"(max-width: 400px) 100vw, 400px\" \/><div class=\"cz_grid_details\"><i class=\"fa fa-search cz_grid_icon\"><\/i><\/div><\/a><\/div><\/div><div class=\"cz_grid_item \"><div><a class=\"cz_grid_link \" href=\"https:\/\/indomyanmarconservation.org\/wp-content\/uploads\/2020\/04\/TCC_new_incubator_chiller_DTH.jpg\" data-xtra-lightbox><img decoding=\"async\" width=\"400\" height=\"549\" src=\"data:image\/svg+xml,%3Csvg%20xmlns%3D&#39;http%3A%2F%2Fwww.w3.org%2F2000%2Fsvg&#39;%20width=&#39;400&#39;%20height=&#39;549&#39;%20viewBox%3D&#39;0%200%20400%20549&#39;%2F%3E\" data-czlz data-src=\"https:\/\/indomyanmarconservation.org\/wp-content\/uploads\/2020\/04\/TCC_new_incubator_chiller_DTH.jpg\" class=\"attachment-codevz_600_600\" alt=\"\" title=\"TCC_new_incubator_chiller_DTH\" data-srcset=\"https:\/\/indomyanmarconservation.org\/wp-content\/uploads\/2020\/04\/TCC_new_incubator_chiller_DTH.jpg 400w, https:\/\/indomyanmarconservation.org\/wp-content\/uploads\/2020\/04\/TCC_new_incubator_chiller_DTH-219x300.jpg 219w\" data-sizes=\"(max-width: 400px) 100vw, 400px\" \/><div class=\"cz_grid_details\"><i class=\"fa fa-search cz_grid_icon\"><\/i><\/div><\/a><\/div><\/div><\/div><\/div>[\/vc_column][\/vc_row]<\/p>\n<\/div>","protected":false},"excerpt":{"rendered":"<p>[vc_row][vc_column][\/vc_column][\/vc_row][vc_row][vc_column width=&#8221;1\/2&#8243;][\/vc_column][vc_column width=&#8221;1\/2&#8243;][\/vc_column][\/vc_row] &#8230; <\/p>\n","protected":false},"author":1,"featured_media":0,"parent":0,"menu_order":0,"comment_status":"closed","ping_status":"closed","template":"","meta":{"footnotes":""},"class_list":["post-93","page","type-page","status-publish","hentry"],"translation":{"provider":"WPGlobus","version":"3.0.0","language":"vi","enabled_languages":["en","vi","my"],"languages":{"en":{"title":true,"content":true,"excerpt":false},"vi":{"title":true,"content":true,"excerpt":false},"my":{"title":false,"content":false,"excerpt":false}}},"_links":{"self":[{"href":"https:\/\/indomyanmarconservation.org\/vi\/wp-json\/wp\/v2\/pages\/93","targetHints":{"allow":["GET"]}}],"collection":[{"href":"https:\/\/indomyanmarconservation.org\/vi\/wp-json\/wp\/v2\/pages"}],"about":[{"href":"https:\/\/indomyanmarconservation.org\/vi\/wp-json\/wp\/v2\/types\/page"}],"author":[{"embeddable":true,"href":"https:\/\/indomyanmarconservation.org\/vi\/wp-json\/wp\/v2\/users\/1"}],"replies":[{"embeddable":true,"href":"https:\/\/indomyanmarconservation.org\/vi\/wp-json\/wp\/v2\/comments?post=93"}],"version-history":[{"count":20,"href":"https:\/\/indomyanmarconservation.org\/vi\/wp-json\/wp\/v2\/pages\/93\/revisions"}],"predecessor-version":[{"id":9755,"href":"https:\/\/indomyanmarconservation.org\/vi\/wp-json\/wp\/v2\/pages\/93\/revisions\/9755"}],"wp:attachment":[{"href":"https:\/\/indomyanmarconservation.org\/vi\/wp-json\/wp\/v2\/media?parent=93"}],"curies":[{"name":"wp","href":"https:\/\/api.w.org\/{rel}","templated":true}]}}